{"id":2966,"date":"2021-08-13T09:28:17","date_gmt":"2021-08-13T07:28:17","guid":{"rendered":"http:\/\/beta.cocomm.es\/administraciones\/"},"modified":"2025-04-03T12:57:12","modified_gmt":"2025-04-03T10:57:12","slug":"administrations","status":"publish","type":"page","link":"https:\/\/cocomm.es\/fr\/solutions\/administrations\/","title":{"rendered":"Administrations"},"content":{"rendered":"","protected":false},"excerpt":{"rendered":"","protected":false},"author":1,"featured_media":0,"parent":2992,"menu_order":0,"comment_status":"closed","ping_status":"closed","template":"","meta":{"inline_featured_image":false},"acf":[],"yoast_head":"<!-- This site is optimized with the Yoast SEO plugin v19.13 - https:\/\/yoast.com\/wordpress\/plugins\/seo\/ -->\n<title>Technologie pour les administrations | CoComm<\/title>\n<meta name=\"description\" content=\"Les \u00e9quipes permettent de transf\u00e9rer de mani\u00e8re fiable les pratiques gouvernementales dans n&#039;importe quel environnement. Nous expliquons comment nous proc\u00e9dons.\" \/>\n<meta name=\"robots\" content=\"index, follow, max-snippet:-1, max-image-preview:large, max-video-preview:-1\" \/>\n<link rel=\"canonical\" href=\"https:\/\/cocomm.es\/fr\/solutions\/administrations\/\" \/>\n<meta property=\"og:locale\" content=\"fr_FR\" \/>\n<meta property=\"og:type\" content=\"article\" \/>\n<meta property=\"og:title\" content=\"Technologie pour les administrations | CoComm\" \/>\n<meta property=\"og:description\" content=\"Les \u00e9quipes permettent de transf\u00e9rer de mani\u00e8re fiable les pratiques gouvernementales dans n&#039;importe quel environnement. Nous expliquons comment nous proc\u00e9dons.\" \/>\n<meta property=\"og:url\" content=\"https:\/\/cocomm.es\/fr\/solutions\/administrations\/\" \/>\n<meta property=\"og:site_name\" content=\"Cocomm\" \/>\n<meta property=\"article:modified_time\" content=\"2025-04-03T10:57:12+00:00\" \/>\n<meta name=\"twitter:card\" content=\"summary_large_image\" \/>\n<script type=\"application\/ld+json\" class=\"yoast-schema-graph\">{\"@context\":\"https:\/\/schema.org\",\"@graph\":[{\"@type\":\"WebPage\",\"@id\":\"https:\/\/cocomm.es\/fr\/solutions\/administrations\/\",\"url\":\"https:\/\/cocomm.es\/fr\/solutions\/administrations\/\",\"name\":\"Technologie pour les administrations | CoComm\",\"isPartOf\":{\"@id\":\"https:\/\/cocomm.es\/#website\"},\"datePublished\":\"2021-08-13T07:28:17+00:00\",\"dateModified\":\"2025-04-03T10:57:12+00:00\",\"description\":\"Les \u00e9quipes permettent de transf\u00e9rer de mani\u00e8re fiable les pratiques gouvernementales dans n'importe quel environnement. Nous expliquons comment nous proc\u00e9dons.\",\"breadcrumb\":{\"@id\":\"https:\/\/cocomm.es\/fr\/solutions\/administrations\/#breadcrumb\"},\"inLanguage\":\"fr-FR\",\"potentialAction\":[{\"@type\":\"ReadAction\",\"target\":[\"https:\/\/cocomm.es\/fr\/solutions\/administrations\/\"]}]},{\"@type\":\"BreadcrumbList\",\"@id\":\"https:\/\/cocomm.es\/fr\/solutions\/administrations\/#breadcrumb\",\"itemListElement\":[{\"@type\":\"ListItem\",\"position\":1,\"name\":\"Home\",\"item\":\"https:\/\/cocomm.es\/fr\/\"},{\"@type\":\"ListItem\",\"position\":2,\"name\":\"SOLUTIONS\",\"item\":\"https:\/\/cocomm.es\/fr\/solutions\/\"},{\"@type\":\"ListItem\",\"position\":3,\"name\":\"Administrations\"}]},{\"@type\":\"WebSite\",\"@id\":\"https:\/\/cocomm.es\/#website\",\"url\":\"https:\/\/cocomm.es\/\",\"name\":\"Cocomm\",\"description\":\"\",\"publisher\":{\"@id\":\"https:\/\/cocomm.es\/#organization\"},\"potentialAction\":[{\"@type\":\"SearchAction\",\"target\":{\"@type\":\"EntryPoint\",\"urlTemplate\":\"https:\/\/cocomm.es\/?s={search_term_string}\"},\"query-input\":\"required name=search_term_string\"}],\"inLanguage\":\"fr-FR\"},{\"@type\":\"Organization\",\"@id\":\"https:\/\/cocomm.es\/#organization\",\"name\":\"COCOMM\",\"url\":\"https:\/\/cocomm.es\/\",\"logo\":{\"@type\":\"ImageObject\",\"inLanguage\":\"fr-FR\",\"@id\":\"https:\/\/cocomm.es\/#\/schema\/logo\/image\/\",\"url\":\"https:\/\/cocomm.es\/wp-content\/uploads\/2021\/07\/logo-cocomm.png\",\"contentUrl\":\"https:\/\/cocomm.es\/wp-content\/uploads\/2021\/07\/logo-cocomm.png\",\"width\":240,\"height\":36,\"caption\":\"COCOMM\"},\"image\":{\"@id\":\"https:\/\/cocomm.es\/#\/schema\/logo\/image\/\"}}]}<\/script>\n<!-- \/ Yoast SEO plugin. -->","yoast_head_json":{"title":"Technologie pour les administrations | CoComm","description":"Les \u00e9quipes permettent de transf\u00e9rer de mani\u00e8re fiable les pratiques gouvernementales dans n'importe quel environnement. Nous expliquons comment nous proc\u00e9dons.","robots":{"index":"index","follow":"follow","max-snippet":"max-snippet:-1","max-image-preview":"max-image-preview:large","max-video-preview":"max-video-preview:-1"},"canonical":"https:\/\/cocomm.es\/fr\/solutions\/administrations\/","og_locale":"fr_FR","og_type":"article","og_title":"Technologie pour les administrations | CoComm","og_description":"Les \u00e9quipes permettent de transf\u00e9rer de mani\u00e8re fiable les pratiques gouvernementales dans n'importe quel environnement. Nous expliquons comment nous proc\u00e9dons.","og_url":"https:\/\/cocomm.es\/fr\/solutions\/administrations\/","og_site_name":"Cocomm","article_modified_time":"2025-04-03T10:57:12+00:00","twitter_card":"summary_large_image","schema":{"@context":"https:\/\/schema.org","@graph":[{"@type":"WebPage","@id":"https:\/\/cocomm.es\/fr\/solutions\/administrations\/","url":"https:\/\/cocomm.es\/fr\/solutions\/administrations\/","name":"Technologie pour les administrations | CoComm","isPartOf":{"@id":"https:\/\/cocomm.es\/#website"},"datePublished":"2021-08-13T07:28:17+00:00","dateModified":"2025-04-03T10:57:12+00:00","description":"Les \u00e9quipes permettent de transf\u00e9rer de mani\u00e8re fiable les pratiques gouvernementales dans n'importe quel environnement. Nous expliquons comment nous proc\u00e9dons.","breadcrumb":{"@id":"https:\/\/cocomm.es\/fr\/solutions\/administrations\/#breadcrumb"},"inLanguage":"fr-FR","potentialAction":[{"@type":"ReadAction","target":["https:\/\/cocomm.es\/fr\/solutions\/administrations\/"]}]},{"@type":"BreadcrumbList","@id":"https:\/\/cocomm.es\/fr\/solutions\/administrations\/#breadcrumb","itemListElement":[{"@type":"ListItem","position":1,"name":"Home","item":"https:\/\/cocomm.es\/fr\/"},{"@type":"ListItem","position":2,"name":"SOLUTIONS","item":"https:\/\/cocomm.es\/fr\/solutions\/"},{"@type":"ListItem","position":3,"name":"Administrations"}]},{"@type":"WebSite","@id":"https:\/\/cocomm.es\/#website","url":"https:\/\/cocomm.es\/","name":"Cocomm","description":"","publisher":{"@id":"https:\/\/cocomm.es\/#organization"},"potentialAction":[{"@type":"SearchAction","target":{"@type":"EntryPoint","urlTemplate":"https:\/\/cocomm.es\/?s={search_term_string}"},"query-input":"required name=search_term_string"}],"inLanguage":"fr-FR"},{"@type":"Organization","@id":"https:\/\/cocomm.es\/#organization","name":"COCOMM","url":"https:\/\/cocomm.es\/","logo":{"@type":"ImageObject","inLanguage":"fr-FR","@id":"https:\/\/cocomm.es\/#\/schema\/logo\/image\/","url":"https:\/\/cocomm.es\/wp-content\/uploads\/2021\/07\/logo-cocomm.png","contentUrl":"https:\/\/cocomm.es\/wp-content\/uploads\/2021\/07\/logo-cocomm.png","width":240,"height":36,"caption":"COCOMM"},"image":{"@id":"https:\/\/cocomm.es\/#\/schema\/logo\/image\/"}}]}},"_links":{"self":[{"href":"https:\/\/cocomm.es\/fr\/wp-json\/wp\/v2\/pages\/2966"}],"collection":[{"href":"https:\/\/cocomm.es\/fr\/wp-json\/wp\/v2\/pages"}],"about":[{"href":"https:\/\/cocomm.es\/fr\/wp-json\/wp\/v2\/types\/page"}],"author":[{"embeddable":true,"href":"https:\/\/cocomm.es\/fr\/wp-json\/wp\/v2\/users\/1"}],"replies":[{"embeddable":true,"href":"https:\/\/cocomm.es\/fr\/wp-json\/wp\/v2\/comments?post=2966"}],"version-history":[{"count":5,"href":"https:\/\/cocomm.es\/fr\/wp-json\/wp\/v2\/pages\/2966\/revisions"}],"predecessor-version":[{"id":33872,"href":"https:\/\/cocomm.es\/fr\/wp-json\/wp\/v2\/pages\/2966\/revisions\/33872"}],"up":[{"embeddable":true,"href":"https:\/\/cocomm.es\/fr\/wp-json\/wp\/v2\/pages\/2992"}],"wp:attachment":[{"href":"https:\/\/cocomm.es\/fr\/wp-json\/wp\/v2\/media?parent=2966"}],"curies":[{"name":"wp","href":"https:\/\/api.w.org\/{rel}","templated":true}]}}