{"id":3002,"date":"2021-07-22T11:34:32","date_gmt":"2021-07-22T09:34:32","guid":{"rendered":"http:\/\/beta.cocomm.es\/telefono-inalambrico\/"},"modified":"2025-04-04T10:49:45","modified_gmt":"2025-04-04T08:49:45","slug":"sans-fil","status":"publish","type":"page","link":"https:\/\/cocomm.es\/fr\/terminaux-et-accessoires\/sans-fil\/","title":{"rendered":"SANS FIL"},"content":{"rendered":"","protected":false},"excerpt":{"rendered":"","protected":false},"author":1,"featured_media":0,"parent":3011,"menu_order":0,"comment_status":"closed","ping_status":"closed","template":"","meta":{"inline_featured_image":false},"acf":[],"yoast_head":"<!-- This site is optimized with the Yoast SEO plugin v19.13 - https:\/\/yoast.com\/wordpress\/plugins\/seo\/ -->\n<title>T\u00e9l\u00e9phones sans fil | CoComm<\/title>\n<meta name=\"description\" content=\"Les dispositifs sans fil de CoComm sont destin\u00e9s aux march\u00e9s des petites entreprises et des particuliers qui ont besoin d&#039;une mobilit\u00e9 accrue. Choisissez le v\u00f4tre.\" \/>\n<meta name=\"robots\" content=\"index, follow, max-snippet:-1, max-image-preview:large, max-video-preview:-1\" \/>\n<link rel=\"canonical\" href=\"https:\/\/cocomm.es\/fr\/terminaux-et-accessoires\/sans-fil\/\" \/>\n<meta property=\"og:locale\" content=\"fr_FR\" \/>\n<meta property=\"og:type\" content=\"article\" \/>\n<meta property=\"og:title\" content=\"T\u00e9l\u00e9phones sans fil | CoComm\" \/>\n<meta property=\"og:description\" content=\"Les dispositifs sans fil de CoComm sont destin\u00e9s aux march\u00e9s des petites entreprises et des particuliers qui ont besoin d&#039;une mobilit\u00e9 accrue. Choisissez le v\u00f4tre.\" \/>\n<meta property=\"og:url\" content=\"https:\/\/cocomm.es\/fr\/terminaux-et-accessoires\/sans-fil\/\" \/>\n<meta property=\"og:site_name\" content=\"Cocomm\" \/>\n<meta property=\"article:modified_time\" content=\"2025-04-04T08:49:45+00:00\" \/>\n<meta name=\"twitter:card\" content=\"summary_large_image\" \/>\n<script type=\"application\/ld+json\" class=\"yoast-schema-graph\">{\"@context\":\"https:\/\/schema.org\",\"@graph\":[{\"@type\":\"WebPage\",\"@id\":\"https:\/\/cocomm.es\/fr\/terminaux-et-accessoires\/sans-fil\/\",\"url\":\"https:\/\/cocomm.es\/fr\/terminaux-et-accessoires\/sans-fil\/\",\"name\":\"T\u00e9l\u00e9phones sans fil | CoComm\",\"isPartOf\":{\"@id\":\"https:\/\/cocomm.es\/#website\"},\"datePublished\":\"2021-07-22T09:34:32+00:00\",\"dateModified\":\"2025-04-04T08:49:45+00:00\",\"description\":\"Les dispositifs sans fil de CoComm sont destin\u00e9s aux march\u00e9s des petites entreprises et des particuliers qui ont besoin d'une mobilit\u00e9 accrue. Choisissez le v\u00f4tre.\",\"breadcrumb\":{\"@id\":\"https:\/\/cocomm.es\/fr\/terminaux-et-accessoires\/sans-fil\/#breadcrumb\"},\"inLanguage\":\"fr-FR\",\"potentialAction\":[{\"@type\":\"ReadAction\",\"target\":[\"https:\/\/cocomm.es\/fr\/terminaux-et-accessoires\/sans-fil\/\"]}]},{\"@type\":\"BreadcrumbList\",\"@id\":\"https:\/\/cocomm.es\/fr\/terminaux-et-accessoires\/sans-fil\/#breadcrumb\",\"itemListElement\":[{\"@type\":\"ListItem\",\"position\":1,\"name\":\"Home\",\"item\":\"https:\/\/cocomm.es\/fr\/\"},{\"@type\":\"ListItem\",\"position\":2,\"name\":\"TERMINAUX ET ACCESSOIRES\",\"item\":\"https:\/\/cocomm.es\/fr\/terminaux-et-accessoires\/\"},{\"@type\":\"ListItem\",\"position\":3,\"name\":\"SANS FIL\"}]},{\"@type\":\"WebSite\",\"@id\":\"https:\/\/cocomm.es\/#website\",\"url\":\"https:\/\/cocomm.es\/\",\"name\":\"Cocomm\",\"description\":\"\",\"publisher\":{\"@id\":\"https:\/\/cocomm.es\/#organization\"},\"potentialAction\":[{\"@type\":\"SearchAction\",\"target\":{\"@type\":\"EntryPoint\",\"urlTemplate\":\"https:\/\/cocomm.es\/?s={search_term_string}\"},\"query-input\":\"required name=search_term_string\"}],\"inLanguage\":\"fr-FR\"},{\"@type\":\"Organization\",\"@id\":\"https:\/\/cocomm.es\/#organization\",\"name\":\"COCOMM\",\"url\":\"https:\/\/cocomm.es\/\",\"logo\":{\"@type\":\"ImageObject\",\"inLanguage\":\"fr-FR\",\"@id\":\"https:\/\/cocomm.es\/#\/schema\/logo\/image\/\",\"url\":\"https:\/\/cocomm.es\/wp-content\/uploads\/2021\/07\/logo-cocomm.png\",\"contentUrl\":\"https:\/\/cocomm.es\/wp-content\/uploads\/2021\/07\/logo-cocomm.png\",\"width\":240,\"height\":36,\"caption\":\"COCOMM\"},\"image\":{\"@id\":\"https:\/\/cocomm.es\/#\/schema\/logo\/image\/\"}}]}<\/script>\n<!-- \/ Yoast SEO plugin. -->","yoast_head_json":{"title":"T\u00e9l\u00e9phones sans fil | CoComm","description":"Les dispositifs sans fil de CoComm sont destin\u00e9s aux march\u00e9s des petites entreprises et des particuliers qui ont besoin d'une mobilit\u00e9 accrue. Choisissez le v\u00f4tre.","robots":{"index":"index","follow":"follow","max-snippet":"max-snippet:-1","max-image-preview":"max-image-preview:large","max-video-preview":"max-video-preview:-1"},"canonical":"https:\/\/cocomm.es\/fr\/terminaux-et-accessoires\/sans-fil\/","og_locale":"fr_FR","og_type":"article","og_title":"T\u00e9l\u00e9phones sans fil | CoComm","og_description":"Les dispositifs sans fil de CoComm sont destin\u00e9s aux march\u00e9s des petites entreprises et des particuliers qui ont besoin d'une mobilit\u00e9 accrue. Choisissez le v\u00f4tre.","og_url":"https:\/\/cocomm.es\/fr\/terminaux-et-accessoires\/sans-fil\/","og_site_name":"Cocomm","article_modified_time":"2025-04-04T08:49:45+00:00","twitter_card":"summary_large_image","schema":{"@context":"https:\/\/schema.org","@graph":[{"@type":"WebPage","@id":"https:\/\/cocomm.es\/fr\/terminaux-et-accessoires\/sans-fil\/","url":"https:\/\/cocomm.es\/fr\/terminaux-et-accessoires\/sans-fil\/","name":"T\u00e9l\u00e9phones sans fil | CoComm","isPartOf":{"@id":"https:\/\/cocomm.es\/#website"},"datePublished":"2021-07-22T09:34:32+00:00","dateModified":"2025-04-04T08:49:45+00:00","description":"Les dispositifs sans fil de CoComm sont destin\u00e9s aux march\u00e9s des petites entreprises et des particuliers qui ont besoin d'une mobilit\u00e9 accrue. Choisissez le v\u00f4tre.","breadcrumb":{"@id":"https:\/\/cocomm.es\/fr\/terminaux-et-accessoires\/sans-fil\/#breadcrumb"},"inLanguage":"fr-FR","potentialAction":[{"@type":"ReadAction","target":["https:\/\/cocomm.es\/fr\/terminaux-et-accessoires\/sans-fil\/"]}]},{"@type":"BreadcrumbList","@id":"https:\/\/cocomm.es\/fr\/terminaux-et-accessoires\/sans-fil\/#breadcrumb","itemListElement":[{"@type":"ListItem","position":1,"name":"Home","item":"https:\/\/cocomm.es\/fr\/"},{"@type":"ListItem","position":2,"name":"TERMINAUX ET ACCESSOIRES","item":"https:\/\/cocomm.es\/fr\/terminaux-et-accessoires\/"},{"@type":"ListItem","position":3,"name":"SANS FIL"}]},{"@type":"WebSite","@id":"https:\/\/cocomm.es\/#website","url":"https:\/\/cocomm.es\/","name":"Cocomm","description":"","publisher":{"@id":"https:\/\/cocomm.es\/#organization"},"potentialAction":[{"@type":"SearchAction","target":{"@type":"EntryPoint","urlTemplate":"https:\/\/cocomm.es\/?s={search_term_string}"},"query-input":"required name=search_term_string"}],"inLanguage":"fr-FR"},{"@type":"Organization","@id":"https:\/\/cocomm.es\/#organization","name":"COCOMM","url":"https:\/\/cocomm.es\/","logo":{"@type":"ImageObject","inLanguage":"fr-FR","@id":"https:\/\/cocomm.es\/#\/schema\/logo\/image\/","url":"https:\/\/cocomm.es\/wp-content\/uploads\/2021\/07\/logo-cocomm.png","contentUrl":"https:\/\/cocomm.es\/wp-content\/uploads\/2021\/07\/logo-cocomm.png","width":240,"height":36,"caption":"COCOMM"},"image":{"@id":"https:\/\/cocomm.es\/#\/schema\/logo\/image\/"}}]}},"_links":{"self":[{"href":"https:\/\/cocomm.es\/fr\/wp-json\/wp\/v2\/pages\/3002"}],"collection":[{"href":"https:\/\/cocomm.es\/fr\/wp-json\/wp\/v2\/pages"}],"about":[{"href":"https:\/\/cocomm.es\/fr\/wp-json\/wp\/v2\/types\/page"}],"author":[{"embeddable":true,"href":"https:\/\/cocomm.es\/fr\/wp-json\/wp\/v2\/users\/1"}],"replies":[{"embeddable":true,"href":"https:\/\/cocomm.es\/fr\/wp-json\/wp\/v2\/comments?post=3002"}],"version-history":[{"count":4,"href":"https:\/\/cocomm.es\/fr\/wp-json\/wp\/v2\/pages\/3002\/revisions"}],"predecessor-version":[{"id":3938,"href":"https:\/\/cocomm.es\/fr\/wp-json\/wp\/v2\/pages\/3002\/revisions\/3938"}],"up":[{"embeddable":true,"href":"https:\/\/cocomm.es\/fr\/wp-json\/wp\/v2\/pages\/3011"}],"wp:attachment":[{"href":"https:\/\/cocomm.es\/fr\/wp-json\/wp\/v2\/media?parent=3002"}],"curies":[{"name":"wp","href":"https:\/\/api.w.org\/{rel}","templated":true}]}}