{"id":3004,"date":"2021-07-20T09:33:15","date_gmt":"2021-07-20T07:33:15","guid":{"rendered":"http:\/\/beta.cocomm.es\/contacto\/"},"modified":"2025-04-02T10:51:47","modified_gmt":"2025-04-02T08:51:47","slug":"contacto","status":"publish","type":"page","link":"https:\/\/cocomm.es\/fr\/contacto\/","title":{"rendered":"Contact"},"content":{"rendered":"","protected":false},"excerpt":{"rendered":"","protected":false},"author":1,"featured_media":0,"parent":0,"menu_order":0,"comment_status":"closed","ping_status":"closed","template":"","meta":{"inline_featured_image":false},"acf":[],"yoast_head":"<!-- This site is optimized with the Yoast SEO plugin v19.13 - https:\/\/yoast.com\/wordpress\/plugins\/seo\/ -->\n<title>Contactez-nous | CoComm<\/title>\n<meta name=\"description\" content=\"Contactez CoComm, l\u2019entreprise qui a r\u00e9volutionn\u00e9 la t\u00e9l\u00e9phonie traditionnelle. Connectez-vous \u00e0 CoComm. Nous vous \u00e9coutons !\" \/>\n<meta name=\"robots\" content=\"index, follow, max-snippet:-1, max-image-preview:large, max-video-preview:-1\" \/>\n<link rel=\"canonical\" href=\"https:\/\/cocomm.es\/fr\/contacto\/\" \/>\n<meta property=\"og:locale\" content=\"fr_FR\" \/>\n<meta property=\"og:type\" content=\"article\" \/>\n<meta property=\"og:title\" content=\"Contactez-nous | CoComm\" \/>\n<meta property=\"og:description\" content=\"Contactez CoComm, l\u2019entreprise qui a r\u00e9volutionn\u00e9 la t\u00e9l\u00e9phonie traditionnelle. Connectez-vous \u00e0 CoComm. Nous vous \u00e9coutons !\" \/>\n<meta property=\"og:url\" content=\"https:\/\/cocomm.es\/fr\/contacto\/\" \/>\n<meta property=\"og:site_name\" content=\"Cocomm\" \/>\n<meta property=\"article:modified_time\" content=\"2025-04-02T08:51:47+00:00\" \/>\n<meta name=\"twitter:card\" content=\"summary_large_image\" \/>\n<script type=\"application\/ld+json\" class=\"yoast-schema-graph\">{\"@context\":\"https:\/\/schema.org\",\"@graph\":[{\"@type\":\"WebPage\",\"@id\":\"https:\/\/cocomm.es\/fr\/contacto\/\",\"url\":\"https:\/\/cocomm.es\/fr\/contacto\/\",\"name\":\"Contactez-nous | CoComm\",\"isPartOf\":{\"@id\":\"https:\/\/cocomm.es\/#website\"},\"datePublished\":\"2021-07-20T07:33:15+00:00\",\"dateModified\":\"2025-04-02T08:51:47+00:00\",\"description\":\"Contactez CoComm, l\u2019entreprise qui a r\u00e9volutionn\u00e9 la t\u00e9l\u00e9phonie traditionnelle. Connectez-vous \u00e0 CoComm. Nous vous \u00e9coutons !\",\"breadcrumb\":{\"@id\":\"https:\/\/cocomm.es\/fr\/contacto\/#breadcrumb\"},\"inLanguage\":\"fr-FR\",\"potentialAction\":[{\"@type\":\"ReadAction\",\"target\":[\"https:\/\/cocomm.es\/fr\/contacto\/\"]}]},{\"@type\":\"BreadcrumbList\",\"@id\":\"https:\/\/cocomm.es\/fr\/contacto\/#breadcrumb\",\"itemListElement\":[{\"@type\":\"ListItem\",\"position\":1,\"name\":\"Home\",\"item\":\"https:\/\/cocomm.es\/fr\/\"},{\"@type\":\"ListItem\",\"position\":2,\"name\":\"Contact\"}]},{\"@type\":\"WebSite\",\"@id\":\"https:\/\/cocomm.es\/#website\",\"url\":\"https:\/\/cocomm.es\/\",\"name\":\"Cocomm\",\"description\":\"\",\"publisher\":{\"@id\":\"https:\/\/cocomm.es\/#organization\"},\"potentialAction\":[{\"@type\":\"SearchAction\",\"target\":{\"@type\":\"EntryPoint\",\"urlTemplate\":\"https:\/\/cocomm.es\/?s={search_term_string}\"},\"query-input\":\"required name=search_term_string\"}],\"inLanguage\":\"fr-FR\"},{\"@type\":\"Organization\",\"@id\":\"https:\/\/cocomm.es\/#organization\",\"name\":\"COCOMM\",\"url\":\"https:\/\/cocomm.es\/\",\"logo\":{\"@type\":\"ImageObject\",\"inLanguage\":\"fr-FR\",\"@id\":\"https:\/\/cocomm.es\/#\/schema\/logo\/image\/\",\"url\":\"https:\/\/cocomm.es\/wp-content\/uploads\/2021\/07\/logo-cocomm.png\",\"contentUrl\":\"https:\/\/cocomm.es\/wp-content\/uploads\/2021\/07\/logo-cocomm.png\",\"width\":240,\"height\":36,\"caption\":\"COCOMM\"},\"image\":{\"@id\":\"https:\/\/cocomm.es\/#\/schema\/logo\/image\/\"}}]}<\/script>\n<!-- \/ Yoast SEO plugin. -->","yoast_head_json":{"title":"Contactez-nous | CoComm","description":"Contactez CoComm, l\u2019entreprise qui a r\u00e9volutionn\u00e9 la t\u00e9l\u00e9phonie traditionnelle. Connectez-vous \u00e0 CoComm. Nous vous \u00e9coutons !","robots":{"index":"index","follow":"follow","max-snippet":"max-snippet:-1","max-image-preview":"max-image-preview:large","max-video-preview":"max-video-preview:-1"},"canonical":"https:\/\/cocomm.es\/fr\/contacto\/","og_locale":"fr_FR","og_type":"article","og_title":"Contactez-nous | CoComm","og_description":"Contactez CoComm, l\u2019entreprise qui a r\u00e9volutionn\u00e9 la t\u00e9l\u00e9phonie traditionnelle. Connectez-vous \u00e0 CoComm. Nous vous \u00e9coutons !","og_url":"https:\/\/cocomm.es\/fr\/contacto\/","og_site_name":"Cocomm","article_modified_time":"2025-04-02T08:51:47+00:00","twitter_card":"summary_large_image","schema":{"@context":"https:\/\/schema.org","@graph":[{"@type":"WebPage","@id":"https:\/\/cocomm.es\/fr\/contacto\/","url":"https:\/\/cocomm.es\/fr\/contacto\/","name":"Contactez-nous | CoComm","isPartOf":{"@id":"https:\/\/cocomm.es\/#website"},"datePublished":"2021-07-20T07:33:15+00:00","dateModified":"2025-04-02T08:51:47+00:00","description":"Contactez CoComm, l\u2019entreprise qui a r\u00e9volutionn\u00e9 la t\u00e9l\u00e9phonie traditionnelle. Connectez-vous \u00e0 CoComm. Nous vous \u00e9coutons !","breadcrumb":{"@id":"https:\/\/cocomm.es\/fr\/contacto\/#breadcrumb"},"inLanguage":"fr-FR","potentialAction":[{"@type":"ReadAction","target":["https:\/\/cocomm.es\/fr\/contacto\/"]}]},{"@type":"BreadcrumbList","@id":"https:\/\/cocomm.es\/fr\/contacto\/#breadcrumb","itemListElement":[{"@type":"ListItem","position":1,"name":"Home","item":"https:\/\/cocomm.es\/fr\/"},{"@type":"ListItem","position":2,"name":"Contact"}]},{"@type":"WebSite","@id":"https:\/\/cocomm.es\/#website","url":"https:\/\/cocomm.es\/","name":"Cocomm","description":"","publisher":{"@id":"https:\/\/cocomm.es\/#organization"},"potentialAction":[{"@type":"SearchAction","target":{"@type":"EntryPoint","urlTemplate":"https:\/\/cocomm.es\/?s={search_term_string}"},"query-input":"required name=search_term_string"}],"inLanguage":"fr-FR"},{"@type":"Organization","@id":"https:\/\/cocomm.es\/#organization","name":"COCOMM","url":"https:\/\/cocomm.es\/","logo":{"@type":"ImageObject","inLanguage":"fr-FR","@id":"https:\/\/cocomm.es\/#\/schema\/logo\/image\/","url":"https:\/\/cocomm.es\/wp-content\/uploads\/2021\/07\/logo-cocomm.png","contentUrl":"https:\/\/cocomm.es\/wp-content\/uploads\/2021\/07\/logo-cocomm.png","width":240,"height":36,"caption":"COCOMM"},"image":{"@id":"https:\/\/cocomm.es\/#\/schema\/logo\/image\/"}}]}},"_links":{"self":[{"href":"https:\/\/cocomm.es\/fr\/wp-json\/wp\/v2\/pages\/3004"}],"collection":[{"href":"https:\/\/cocomm.es\/fr\/wp-json\/wp\/v2\/pages"}],"about":[{"href":"https:\/\/cocomm.es\/fr\/wp-json\/wp\/v2\/types\/page"}],"author":[{"embeddable":true,"href":"https:\/\/cocomm.es\/fr\/wp-json\/wp\/v2\/users\/1"}],"replies":[{"embeddable":true,"href":"https:\/\/cocomm.es\/fr\/wp-json\/wp\/v2\/comments?post=3004"}],"version-history":[{"count":4,"href":"https:\/\/cocomm.es\/fr\/wp-json\/wp\/v2\/pages\/3004\/revisions"}],"predecessor-version":[{"id":33812,"href":"https:\/\/cocomm.es\/fr\/wp-json\/wp\/v2\/pages\/3004\/revisions\/33812"}],"wp:attachment":[{"href":"https:\/\/cocomm.es\/fr\/wp-json\/wp\/v2\/media?parent=3004"}],"curies":[{"name":"wp","href":"https:\/\/api.w.org\/{rel}","templated":true}]}}