{"id":3903,"date":"2021-10-06T15:02:30","date_gmt":"2021-10-06T13:02:30","guid":{"rendered":"http:\/\/beta.cocomm.es\/terminales-accesorios\/aplicaciones\/"},"modified":"2025-04-04T10:45:31","modified_gmt":"2025-04-04T08:45:31","slug":"applications","status":"publish","type":"page","link":"https:\/\/cocomm.es\/fr\/terminaux-et-accessoires\/applications\/","title":{"rendered":"Applications"},"content":{"rendered":"","protected":false},"excerpt":{"rendered":"","protected":false},"author":1,"featured_media":0,"parent":3011,"menu_order":0,"comment_status":"closed","ping_status":"closed","template":"","meta":{"inline_featured_image":false},"acf":[],"yoast_head":"<!-- This site is optimized with the Yoast SEO plugin v19.13 - https:\/\/yoast.com\/wordpress\/plugins\/seo\/ -->\n<title>Applications de t\u00e9l\u00e9phonie | CoComm<\/title>\n<meta name=\"description\" content=\"D\u00e9couvrez notre gamme d&#039;applications qui compl\u00e8tent les fonctionnalit\u00e9s des appareils de t\u00e9l\u00e9phonie pour optimiser la productivit\u00e9.\" \/>\n<meta name=\"robots\" content=\"index, follow, max-snippet:-1, max-image-preview:large, max-video-preview:-1\" \/>\n<link rel=\"canonical\" href=\"https:\/\/cocomm.es\/fr\/terminaux-et-accessoires\/applications\/\" \/>\n<meta property=\"og:locale\" content=\"fr_FR\" \/>\n<meta property=\"og:type\" content=\"article\" \/>\n<meta property=\"og:title\" content=\"Applications de t\u00e9l\u00e9phonie | CoComm\" \/>\n<meta property=\"og:description\" content=\"D\u00e9couvrez notre gamme d&#039;applications qui compl\u00e8tent les fonctionnalit\u00e9s des appareils de t\u00e9l\u00e9phonie pour optimiser la productivit\u00e9.\" \/>\n<meta property=\"og:url\" content=\"https:\/\/cocomm.es\/fr\/terminaux-et-accessoires\/applications\/\" \/>\n<meta property=\"og:site_name\" content=\"Cocomm\" \/>\n<meta property=\"article:modified_time\" content=\"2025-04-04T08:45:31+00:00\" \/>\n<meta name=\"twitter:card\" content=\"summary_large_image\" \/>\n<script type=\"application\/ld+json\" class=\"yoast-schema-graph\">{\"@context\":\"https:\/\/schema.org\",\"@graph\":[{\"@type\":\"WebPage\",\"@id\":\"https:\/\/cocomm.es\/fr\/terminaux-et-accessoires\/applications\/\",\"url\":\"https:\/\/cocomm.es\/fr\/terminaux-et-accessoires\/applications\/\",\"name\":\"Applications de t\u00e9l\u00e9phonie | CoComm\",\"isPartOf\":{\"@id\":\"https:\/\/cocomm.es\/#website\"},\"datePublished\":\"2021-10-06T13:02:30+00:00\",\"dateModified\":\"2025-04-04T08:45:31+00:00\",\"description\":\"D\u00e9couvrez notre gamme d'applications qui compl\u00e8tent les fonctionnalit\u00e9s des appareils de t\u00e9l\u00e9phonie pour optimiser la productivit\u00e9.\",\"breadcrumb\":{\"@id\":\"https:\/\/cocomm.es\/fr\/terminaux-et-accessoires\/applications\/#breadcrumb\"},\"inLanguage\":\"fr-FR\",\"potentialAction\":[{\"@type\":\"ReadAction\",\"target\":[\"https:\/\/cocomm.es\/fr\/terminaux-et-accessoires\/applications\/\"]}]},{\"@type\":\"BreadcrumbList\",\"@id\":\"https:\/\/cocomm.es\/fr\/terminaux-et-accessoires\/applications\/#breadcrumb\",\"itemListElement\":[{\"@type\":\"ListItem\",\"position\":1,\"name\":\"Home\",\"item\":\"https:\/\/cocomm.es\/fr\/\"},{\"@type\":\"ListItem\",\"position\":2,\"name\":\"TERMINAUX ET ACCESSOIRES\",\"item\":\"https:\/\/cocomm.es\/fr\/terminaux-et-accessoires\/\"},{\"@type\":\"ListItem\",\"position\":3,\"name\":\"Applications\"}]},{\"@type\":\"WebSite\",\"@id\":\"https:\/\/cocomm.es\/#website\",\"url\":\"https:\/\/cocomm.es\/\",\"name\":\"Cocomm\",\"description\":\"\",\"publisher\":{\"@id\":\"https:\/\/cocomm.es\/#organization\"},\"potentialAction\":[{\"@type\":\"SearchAction\",\"target\":{\"@type\":\"EntryPoint\",\"urlTemplate\":\"https:\/\/cocomm.es\/?s={search_term_string}\"},\"query-input\":\"required name=search_term_string\"}],\"inLanguage\":\"fr-FR\"},{\"@type\":\"Organization\",\"@id\":\"https:\/\/cocomm.es\/#organization\",\"name\":\"COCOMM\",\"url\":\"https:\/\/cocomm.es\/\",\"logo\":{\"@type\":\"ImageObject\",\"inLanguage\":\"fr-FR\",\"@id\":\"https:\/\/cocomm.es\/#\/schema\/logo\/image\/\",\"url\":\"https:\/\/cocomm.es\/wp-content\/uploads\/2021\/07\/logo-cocomm.png\",\"contentUrl\":\"https:\/\/cocomm.es\/wp-content\/uploads\/2021\/07\/logo-cocomm.png\",\"width\":240,\"height\":36,\"caption\":\"COCOMM\"},\"image\":{\"@id\":\"https:\/\/cocomm.es\/#\/schema\/logo\/image\/\"}}]}<\/script>\n<!-- \/ Yoast SEO plugin. -->","yoast_head_json":{"title":"Applications de t\u00e9l\u00e9phonie | CoComm","description":"D\u00e9couvrez notre gamme d'applications qui compl\u00e8tent les fonctionnalit\u00e9s des appareils de t\u00e9l\u00e9phonie pour optimiser la productivit\u00e9.","robots":{"index":"index","follow":"follow","max-snippet":"max-snippet:-1","max-image-preview":"max-image-preview:large","max-video-preview":"max-video-preview:-1"},"canonical":"https:\/\/cocomm.es\/fr\/terminaux-et-accessoires\/applications\/","og_locale":"fr_FR","og_type":"article","og_title":"Applications de t\u00e9l\u00e9phonie | CoComm","og_description":"D\u00e9couvrez notre gamme d'applications qui compl\u00e8tent les fonctionnalit\u00e9s des appareils de t\u00e9l\u00e9phonie pour optimiser la productivit\u00e9.","og_url":"https:\/\/cocomm.es\/fr\/terminaux-et-accessoires\/applications\/","og_site_name":"Cocomm","article_modified_time":"2025-04-04T08:45:31+00:00","twitter_card":"summary_large_image","schema":{"@context":"https:\/\/schema.org","@graph":[{"@type":"WebPage","@id":"https:\/\/cocomm.es\/fr\/terminaux-et-accessoires\/applications\/","url":"https:\/\/cocomm.es\/fr\/terminaux-et-accessoires\/applications\/","name":"Applications de t\u00e9l\u00e9phonie | CoComm","isPartOf":{"@id":"https:\/\/cocomm.es\/#website"},"datePublished":"2021-10-06T13:02:30+00:00","dateModified":"2025-04-04T08:45:31+00:00","description":"D\u00e9couvrez notre gamme d'applications qui compl\u00e8tent les fonctionnalit\u00e9s des appareils de t\u00e9l\u00e9phonie pour optimiser la productivit\u00e9.","breadcrumb":{"@id":"https:\/\/cocomm.es\/fr\/terminaux-et-accessoires\/applications\/#breadcrumb"},"inLanguage":"fr-FR","potentialAction":[{"@type":"ReadAction","target":["https:\/\/cocomm.es\/fr\/terminaux-et-accessoires\/applications\/"]}]},{"@type":"BreadcrumbList","@id":"https:\/\/cocomm.es\/fr\/terminaux-et-accessoires\/applications\/#breadcrumb","itemListElement":[{"@type":"ListItem","position":1,"name":"Home","item":"https:\/\/cocomm.es\/fr\/"},{"@type":"ListItem","position":2,"name":"TERMINAUX ET ACCESSOIRES","item":"https:\/\/cocomm.es\/fr\/terminaux-et-accessoires\/"},{"@type":"ListItem","position":3,"name":"Applications"}]},{"@type":"WebSite","@id":"https:\/\/cocomm.es\/#website","url":"https:\/\/cocomm.es\/","name":"Cocomm","description":"","publisher":{"@id":"https:\/\/cocomm.es\/#organization"},"potentialAction":[{"@type":"SearchAction","target":{"@type":"EntryPoint","urlTemplate":"https:\/\/cocomm.es\/?s={search_term_string}"},"query-input":"required name=search_term_string"}],"inLanguage":"fr-FR"},{"@type":"Organization","@id":"https:\/\/cocomm.es\/#organization","name":"COCOMM","url":"https:\/\/cocomm.es\/","logo":{"@type":"ImageObject","inLanguage":"fr-FR","@id":"https:\/\/cocomm.es\/#\/schema\/logo\/image\/","url":"https:\/\/cocomm.es\/wp-content\/uploads\/2021\/07\/logo-cocomm.png","contentUrl":"https:\/\/cocomm.es\/wp-content\/uploads\/2021\/07\/logo-cocomm.png","width":240,"height":36,"caption":"COCOMM"},"image":{"@id":"https:\/\/cocomm.es\/#\/schema\/logo\/image\/"}}]}},"_links":{"self":[{"href":"https:\/\/cocomm.es\/fr\/wp-json\/wp\/v2\/pages\/3903"}],"collection":[{"href":"https:\/\/cocomm.es\/fr\/wp-json\/wp\/v2\/pages"}],"about":[{"href":"https:\/\/cocomm.es\/fr\/wp-json\/wp\/v2\/types\/page"}],"author":[{"embeddable":true,"href":"https:\/\/cocomm.es\/fr\/wp-json\/wp\/v2\/users\/1"}],"replies":[{"embeddable":true,"href":"https:\/\/cocomm.es\/fr\/wp-json\/wp\/v2\/comments?post=3903"}],"version-history":[{"count":4,"href":"https:\/\/cocomm.es\/fr\/wp-json\/wp\/v2\/pages\/3903\/revisions"}],"predecessor-version":[{"id":33923,"href":"https:\/\/cocomm.es\/fr\/wp-json\/wp\/v2\/pages\/3903\/revisions\/33923"}],"up":[{"embeddable":true,"href":"https:\/\/cocomm.es\/fr\/wp-json\/wp\/v2\/pages\/3011"}],"wp:attachment":[{"href":"https:\/\/cocomm.es\/fr\/wp-json\/wp\/v2\/media?parent=3903"}],"curies":[{"name":"wp","href":"https:\/\/api.w.org\/{rel}","templated":true}]}}