{"id":42948,"date":"2026-04-09T08:55:24","date_gmt":"2026-04-09T06:55:24","guid":{"rendered":"https:\/\/cocomm.es\/?page_id=42948"},"modified":"2026-04-30T09:37:12","modified_gmt":"2026-04-30T07:37:12","slug":"autocollants","status":"publish","type":"page","link":"https:\/\/cocomm.es\/fr\/autocollants\/","title":{"rendered":"Autocollants d&#8217;urgence &#038; Bo\u00eetre IP"},"content":{"rendered":"","protected":false},"excerpt":{"rendered":"","protected":false},"author":1,"featured_media":0,"parent":0,"menu_order":0,"comment_status":"closed","ping_status":"closed","template":"","meta":{"inline_featured_image":false},"acf":[],"yoast_head":"<!-- This site is optimized with the Yoast SEO plugin v19.13 - https:\/\/yoast.com\/wordpress\/plugins\/seo\/ -->\n<title>Autocollants d&#039;urgence &amp; Bo\u00eetre IP | Cocomm<\/title>\n<meta name=\"description\" content=\"Tutoriel vid\u00e9o du F360 : apprenez \u00e0 positionner les autocollants d\u2019urgence et \u00e0 fixer correctement le bo\u00eetier avec protection IP pour garantir sa durabilit\u00e9 et son bon fonctionnement.\" \/>\n<meta name=\"robots\" content=\"index, follow, max-snippet:-1, max-image-preview:large, max-video-preview:-1\" \/>\n<link rel=\"canonical\" href=\"https:\/\/cocomm.es\/fr\/autocollants\/\" \/>\n<meta property=\"og:locale\" content=\"fr_FR\" \/>\n<meta property=\"og:type\" content=\"article\" \/>\n<meta property=\"og:title\" content=\"Autocollants d&#039;urgence &amp; Bo\u00eetre IP | Cocomm\" \/>\n<meta property=\"og:description\" content=\"Tutoriel vid\u00e9o du F360 : apprenez \u00e0 positionner les autocollants d\u2019urgence et \u00e0 fixer correctement le bo\u00eetier avec protection IP pour garantir sa durabilit\u00e9 et son bon fonctionnement.\" \/>\n<meta property=\"og:url\" content=\"https:\/\/cocomm.es\/fr\/autocollants\/\" \/>\n<meta property=\"og:site_name\" content=\"Cocomm\" \/>\n<meta property=\"article:modified_time\" content=\"2026-04-30T07:37:12+00:00\" \/>\n<meta name=\"twitter:card\" content=\"summary_large_image\" \/>\n<script type=\"application\/ld+json\" class=\"yoast-schema-graph\">{\"@context\":\"https:\/\/schema.org\",\"@graph\":[{\"@type\":\"WebPage\",\"@id\":\"https:\/\/cocomm.es\/fr\/autocollants\/\",\"url\":\"https:\/\/cocomm.es\/fr\/autocollants\/\",\"name\":\"Autocollants d'urgence & Bo\u00eetre IP | Cocomm\",\"isPartOf\":{\"@id\":\"https:\/\/cocomm.es\/#website\"},\"datePublished\":\"2026-04-09T06:55:24+00:00\",\"dateModified\":\"2026-04-30T07:37:12+00:00\",\"description\":\"Tutoriel vid\u00e9o du F360 : apprenez \u00e0 positionner les autocollants d\u2019urgence et \u00e0 fixer correctement le bo\u00eetier avec protection IP pour garantir sa durabilit\u00e9 et son bon fonctionnement.\",\"breadcrumb\":{\"@id\":\"https:\/\/cocomm.es\/fr\/autocollants\/#breadcrumb\"},\"inLanguage\":\"fr-FR\",\"potentialAction\":[{\"@type\":\"ReadAction\",\"target\":[\"https:\/\/cocomm.es\/fr\/autocollants\/\"]}]},{\"@type\":\"BreadcrumbList\",\"@id\":\"https:\/\/cocomm.es\/fr\/autocollants\/#breadcrumb\",\"itemListElement\":[{\"@type\":\"ListItem\",\"position\":1,\"name\":\"Home\",\"item\":\"https:\/\/cocomm.es\/fr\/\"},{\"@type\":\"ListItem\",\"position\":2,\"name\":\"Autocollants d&#8217;urgence &#038; Bo\u00eetre IP\"}]},{\"@type\":\"WebSite\",\"@id\":\"https:\/\/cocomm.es\/#website\",\"url\":\"https:\/\/cocomm.es\/\",\"name\":\"Cocomm\",\"description\":\"\",\"publisher\":{\"@id\":\"https:\/\/cocomm.es\/#organization\"},\"potentialAction\":[{\"@type\":\"SearchAction\",\"target\":{\"@type\":\"EntryPoint\",\"urlTemplate\":\"https:\/\/cocomm.es\/?s={search_term_string}\"},\"query-input\":\"required name=search_term_string\"}],\"inLanguage\":\"fr-FR\"},{\"@type\":\"Organization\",\"@id\":\"https:\/\/cocomm.es\/#organization\",\"name\":\"COCOMM\",\"url\":\"https:\/\/cocomm.es\/\",\"logo\":{\"@type\":\"ImageObject\",\"inLanguage\":\"fr-FR\",\"@id\":\"https:\/\/cocomm.es\/#\/schema\/logo\/image\/\",\"url\":\"https:\/\/cocomm.es\/wp-content\/uploads\/2021\/07\/logo-cocomm.png\",\"contentUrl\":\"https:\/\/cocomm.es\/wp-content\/uploads\/2021\/07\/logo-cocomm.png\",\"width\":240,\"height\":36,\"caption\":\"COCOMM\"},\"image\":{\"@id\":\"https:\/\/cocomm.es\/#\/schema\/logo\/image\/\"}}]}<\/script>\n<!-- \/ Yoast SEO plugin. -->","yoast_head_json":{"title":"Autocollants d'urgence & Bo\u00eetre IP | Cocomm","description":"Tutoriel vid\u00e9o du F360 : apprenez \u00e0 positionner les autocollants d\u2019urgence et \u00e0 fixer correctement le bo\u00eetier avec protection IP pour garantir sa durabilit\u00e9 et son bon fonctionnement.","robots":{"index":"index","follow":"follow","max-snippet":"max-snippet:-1","max-image-preview":"max-image-preview:large","max-video-preview":"max-video-preview:-1"},"canonical":"https:\/\/cocomm.es\/fr\/autocollants\/","og_locale":"fr_FR","og_type":"article","og_title":"Autocollants d'urgence & Bo\u00eetre IP | Cocomm","og_description":"Tutoriel vid\u00e9o du F360 : apprenez \u00e0 positionner les autocollants d\u2019urgence et \u00e0 fixer correctement le bo\u00eetier avec protection IP pour garantir sa durabilit\u00e9 et son bon fonctionnement.","og_url":"https:\/\/cocomm.es\/fr\/autocollants\/","og_site_name":"Cocomm","article_modified_time":"2026-04-30T07:37:12+00:00","twitter_card":"summary_large_image","schema":{"@context":"https:\/\/schema.org","@graph":[{"@type":"WebPage","@id":"https:\/\/cocomm.es\/fr\/autocollants\/","url":"https:\/\/cocomm.es\/fr\/autocollants\/","name":"Autocollants d'urgence & Bo\u00eetre IP | Cocomm","isPartOf":{"@id":"https:\/\/cocomm.es\/#website"},"datePublished":"2026-04-09T06:55:24+00:00","dateModified":"2026-04-30T07:37:12+00:00","description":"Tutoriel vid\u00e9o du F360 : apprenez \u00e0 positionner les autocollants d\u2019urgence et \u00e0 fixer correctement le bo\u00eetier avec protection IP pour garantir sa durabilit\u00e9 et son bon fonctionnement.","breadcrumb":{"@id":"https:\/\/cocomm.es\/fr\/autocollants\/#breadcrumb"},"inLanguage":"fr-FR","potentialAction":[{"@type":"ReadAction","target":["https:\/\/cocomm.es\/fr\/autocollants\/"]}]},{"@type":"BreadcrumbList","@id":"https:\/\/cocomm.es\/fr\/autocollants\/#breadcrumb","itemListElement":[{"@type":"ListItem","position":1,"name":"Home","item":"https:\/\/cocomm.es\/fr\/"},{"@type":"ListItem","position":2,"name":"Autocollants d&#8217;urgence &#038; Bo\u00eetre IP"}]},{"@type":"WebSite","@id":"https:\/\/cocomm.es\/#website","url":"https:\/\/cocomm.es\/","name":"Cocomm","description":"","publisher":{"@id":"https:\/\/cocomm.es\/#organization"},"potentialAction":[{"@type":"SearchAction","target":{"@type":"EntryPoint","urlTemplate":"https:\/\/cocomm.es\/?s={search_term_string}"},"query-input":"required name=search_term_string"}],"inLanguage":"fr-FR"},{"@type":"Organization","@id":"https:\/\/cocomm.es\/#organization","name":"COCOMM","url":"https:\/\/cocomm.es\/","logo":{"@type":"ImageObject","inLanguage":"fr-FR","@id":"https:\/\/cocomm.es\/#\/schema\/logo\/image\/","url":"https:\/\/cocomm.es\/wp-content\/uploads\/2021\/07\/logo-cocomm.png","contentUrl":"https:\/\/cocomm.es\/wp-content\/uploads\/2021\/07\/logo-cocomm.png","width":240,"height":36,"caption":"COCOMM"},"image":{"@id":"https:\/\/cocomm.es\/#\/schema\/logo\/image\/"}}]}},"_links":{"self":[{"href":"https:\/\/cocomm.es\/fr\/wp-json\/wp\/v2\/pages\/42948"}],"collection":[{"href":"https:\/\/cocomm.es\/fr\/wp-json\/wp\/v2\/pages"}],"about":[{"href":"https:\/\/cocomm.es\/fr\/wp-json\/wp\/v2\/types\/page"}],"author":[{"embeddable":true,"href":"https:\/\/cocomm.es\/fr\/wp-json\/wp\/v2\/users\/1"}],"replies":[{"embeddable":true,"href":"https:\/\/cocomm.es\/fr\/wp-json\/wp\/v2\/comments?post=42948"}],"version-history":[{"count":5,"href":"https:\/\/cocomm.es\/fr\/wp-json\/wp\/v2\/pages\/42948\/revisions"}],"predecessor-version":[{"id":43190,"href":"https:\/\/cocomm.es\/fr\/wp-json\/wp\/v2\/pages\/42948\/revisions\/43190"}],"wp:attachment":[{"href":"https:\/\/cocomm.es\/fr\/wp-json\/wp\/v2\/media?parent=42948"}],"curies":[{"name":"wp","href":"https:\/\/api.w.org\/{rel}","templated":true}]}}