{"id":7723,"date":"2022-05-30T10:28:34","date_gmt":"2022-05-30T08:28:34","guid":{"rendered":"https:\/\/cocomm.es\/?page_id=7723"},"modified":"2022-05-30T10:34:08","modified_gmt":"2022-05-30T08:34:08","slug":"boite-vocale","status":"publish","type":"page","link":"https:\/\/cocomm.es\/fr\/terminaux-et-accessoires\/boite-vocale\/","title":{"rendered":"BOITE VOCALE"},"content":{"rendered":"","protected":false},"excerpt":{"rendered":"","protected":false},"author":1,"featured_media":0,"parent":3011,"menu_order":0,"comment_status":"closed","ping_status":"closed","template":"","meta":{"inline_featured_image":false},"acf":[],"yoast_head":"<!-- This site is optimized with the Yoast SEO plugin v19.13 - https:\/\/yoast.com\/wordpress\/plugins\/seo\/ -->\n<title>Bo\u00eete vocale | CoComm<\/title>\n<meta name=\"description\" content=\"Solution parfaite pour les utilisateurs qui souhaitent continuer \u00e0 utiliser leur ligne fixe actuelle, gr\u00e2ce \u00e0 la conversion du signal mobile en ligne fixe. De plus, ils sont compatibles avec le service de t\u00e9l\u00e9assistance\" \/>\n<meta name=\"robots\" content=\"index, follow, max-snippet:-1, max-image-preview:large, max-video-preview:-1\" \/>\n<link rel=\"canonical\" href=\"https:\/\/cocomm.es\/fr\/terminaux-et-accessoires\/boite-vocale\/\" \/>\n<meta property=\"og:locale\" content=\"fr_FR\" \/>\n<meta property=\"og:type\" content=\"article\" \/>\n<meta property=\"og:title\" content=\"Bo\u00eete vocale | CoComm\" \/>\n<meta property=\"og:description\" content=\"Solution parfaite pour les utilisateurs qui souhaitent continuer \u00e0 utiliser leur ligne fixe actuelle, gr\u00e2ce \u00e0 la conversion du signal mobile en ligne fixe. De plus, ils sont compatibles avec le service de t\u00e9l\u00e9assistance\" \/>\n<meta property=\"og:url\" content=\"https:\/\/cocomm.es\/fr\/terminaux-et-accessoires\/boite-vocale\/\" \/>\n<meta property=\"og:site_name\" content=\"Cocomm\" \/>\n<meta property=\"article:modified_time\" content=\"2022-05-30T08:34:08+00:00\" \/>\n<meta name=\"twitter:card\" content=\"summary_large_image\" \/>\n<script type=\"application\/ld+json\" class=\"yoast-schema-graph\">{\"@context\":\"https:\/\/schema.org\",\"@graph\":[{\"@type\":\"WebPage\",\"@id\":\"https:\/\/cocomm.es\/fr\/terminaux-et-accessoires\/boite-vocale\/\",\"url\":\"https:\/\/cocomm.es\/fr\/terminaux-et-accessoires\/boite-vocale\/\",\"name\":\"Bo\u00eete vocale | CoComm\",\"isPartOf\":{\"@id\":\"https:\/\/cocomm.es\/#website\"},\"datePublished\":\"2022-05-30T08:28:34+00:00\",\"dateModified\":\"2022-05-30T08:34:08+00:00\",\"description\":\"Solution parfaite pour les utilisateurs qui souhaitent continuer \u00e0 utiliser leur ligne fixe actuelle, gr\u00e2ce \u00e0 la conversion du signal mobile en ligne fixe. De plus, ils sont compatibles avec le service de t\u00e9l\u00e9assistance\",\"breadcrumb\":{\"@id\":\"https:\/\/cocomm.es\/fr\/terminaux-et-accessoires\/boite-vocale\/#breadcrumb\"},\"inLanguage\":\"fr-FR\",\"potentialAction\":[{\"@type\":\"ReadAction\",\"target\":[\"https:\/\/cocomm.es\/fr\/terminaux-et-accessoires\/boite-vocale\/\"]}]},{\"@type\":\"BreadcrumbList\",\"@id\":\"https:\/\/cocomm.es\/fr\/terminaux-et-accessoires\/boite-vocale\/#breadcrumb\",\"itemListElement\":[{\"@type\":\"ListItem\",\"position\":1,\"name\":\"Home\",\"item\":\"https:\/\/cocomm.es\/fr\/\"},{\"@type\":\"ListItem\",\"position\":2,\"name\":\"TERMINAUX ET ACCESSOIRES\",\"item\":\"https:\/\/cocomm.es\/fr\/terminaux-et-accessoires\/\"},{\"@type\":\"ListItem\",\"position\":3,\"name\":\"BOITE VOCALE\"}]},{\"@type\":\"WebSite\",\"@id\":\"https:\/\/cocomm.es\/#website\",\"url\":\"https:\/\/cocomm.es\/\",\"name\":\"Cocomm\",\"description\":\"\",\"publisher\":{\"@id\":\"https:\/\/cocomm.es\/#organization\"},\"potentialAction\":[{\"@type\":\"SearchAction\",\"target\":{\"@type\":\"EntryPoint\",\"urlTemplate\":\"https:\/\/cocomm.es\/?s={search_term_string}\"},\"query-input\":\"required name=search_term_string\"}],\"inLanguage\":\"fr-FR\"},{\"@type\":\"Organization\",\"@id\":\"https:\/\/cocomm.es\/#organization\",\"name\":\"COCOMM\",\"url\":\"https:\/\/cocomm.es\/\",\"logo\":{\"@type\":\"ImageObject\",\"inLanguage\":\"fr-FR\",\"@id\":\"https:\/\/cocomm.es\/#\/schema\/logo\/image\/\",\"url\":\"https:\/\/cocomm.es\/wp-content\/uploads\/2021\/07\/logo-cocomm.png\",\"contentUrl\":\"https:\/\/cocomm.es\/wp-content\/uploads\/2021\/07\/logo-cocomm.png\",\"width\":240,\"height\":36,\"caption\":\"COCOMM\"},\"image\":{\"@id\":\"https:\/\/cocomm.es\/#\/schema\/logo\/image\/\"}}]}<\/script>\n<!-- \/ Yoast SEO plugin. -->","yoast_head_json":{"title":"Bo\u00eete vocale | CoComm","description":"Solution parfaite pour les utilisateurs qui souhaitent continuer \u00e0 utiliser leur ligne fixe actuelle, gr\u00e2ce \u00e0 la conversion du signal mobile en ligne fixe. De plus, ils sont compatibles avec le service de t\u00e9l\u00e9assistance","robots":{"index":"index","follow":"follow","max-snippet":"max-snippet:-1","max-image-preview":"max-image-preview:large","max-video-preview":"max-video-preview:-1"},"canonical":"https:\/\/cocomm.es\/fr\/terminaux-et-accessoires\/boite-vocale\/","og_locale":"fr_FR","og_type":"article","og_title":"Bo\u00eete vocale | CoComm","og_description":"Solution parfaite pour les utilisateurs qui souhaitent continuer \u00e0 utiliser leur ligne fixe actuelle, gr\u00e2ce \u00e0 la conversion du signal mobile en ligne fixe. De plus, ils sont compatibles avec le service de t\u00e9l\u00e9assistance","og_url":"https:\/\/cocomm.es\/fr\/terminaux-et-accessoires\/boite-vocale\/","og_site_name":"Cocomm","article_modified_time":"2022-05-30T08:34:08+00:00","twitter_card":"summary_large_image","schema":{"@context":"https:\/\/schema.org","@graph":[{"@type":"WebPage","@id":"https:\/\/cocomm.es\/fr\/terminaux-et-accessoires\/boite-vocale\/","url":"https:\/\/cocomm.es\/fr\/terminaux-et-accessoires\/boite-vocale\/","name":"Bo\u00eete vocale | CoComm","isPartOf":{"@id":"https:\/\/cocomm.es\/#website"},"datePublished":"2022-05-30T08:28:34+00:00","dateModified":"2022-05-30T08:34:08+00:00","description":"Solution parfaite pour les utilisateurs qui souhaitent continuer \u00e0 utiliser leur ligne fixe actuelle, gr\u00e2ce \u00e0 la conversion du signal mobile en ligne fixe. De plus, ils sont compatibles avec le service de t\u00e9l\u00e9assistance","breadcrumb":{"@id":"https:\/\/cocomm.es\/fr\/terminaux-et-accessoires\/boite-vocale\/#breadcrumb"},"inLanguage":"fr-FR","potentialAction":[{"@type":"ReadAction","target":["https:\/\/cocomm.es\/fr\/terminaux-et-accessoires\/boite-vocale\/"]}]},{"@type":"BreadcrumbList","@id":"https:\/\/cocomm.es\/fr\/terminaux-et-accessoires\/boite-vocale\/#breadcrumb","itemListElement":[{"@type":"ListItem","position":1,"name":"Home","item":"https:\/\/cocomm.es\/fr\/"},{"@type":"ListItem","position":2,"name":"TERMINAUX ET ACCESSOIRES","item":"https:\/\/cocomm.es\/fr\/terminaux-et-accessoires\/"},{"@type":"ListItem","position":3,"name":"BOITE VOCALE"}]},{"@type":"WebSite","@id":"https:\/\/cocomm.es\/#website","url":"https:\/\/cocomm.es\/","name":"Cocomm","description":"","publisher":{"@id":"https:\/\/cocomm.es\/#organization"},"potentialAction":[{"@type":"SearchAction","target":{"@type":"EntryPoint","urlTemplate":"https:\/\/cocomm.es\/?s={search_term_string}"},"query-input":"required name=search_term_string"}],"inLanguage":"fr-FR"},{"@type":"Organization","@id":"https:\/\/cocomm.es\/#organization","name":"COCOMM","url":"https:\/\/cocomm.es\/","logo":{"@type":"ImageObject","inLanguage":"fr-FR","@id":"https:\/\/cocomm.es\/#\/schema\/logo\/image\/","url":"https:\/\/cocomm.es\/wp-content\/uploads\/2021\/07\/logo-cocomm.png","contentUrl":"https:\/\/cocomm.es\/wp-content\/uploads\/2021\/07\/logo-cocomm.png","width":240,"height":36,"caption":"COCOMM"},"image":{"@id":"https:\/\/cocomm.es\/#\/schema\/logo\/image\/"}}]}},"_links":{"self":[{"href":"https:\/\/cocomm.es\/fr\/wp-json\/wp\/v2\/pages\/7723"}],"collection":[{"href":"https:\/\/cocomm.es\/fr\/wp-json\/wp\/v2\/pages"}],"about":[{"href":"https:\/\/cocomm.es\/fr\/wp-json\/wp\/v2\/types\/page"}],"author":[{"embeddable":true,"href":"https:\/\/cocomm.es\/fr\/wp-json\/wp\/v2\/users\/1"}],"replies":[{"embeddable":true,"href":"https:\/\/cocomm.es\/fr\/wp-json\/wp\/v2\/comments?post=7723"}],"version-history":[{"count":3,"href":"https:\/\/cocomm.es\/fr\/wp-json\/wp\/v2\/pages\/7723\/revisions"}],"predecessor-version":[{"id":7847,"href":"https:\/\/cocomm.es\/fr\/wp-json\/wp\/v2\/pages\/7723\/revisions\/7847"}],"up":[{"embeddable":true,"href":"https:\/\/cocomm.es\/fr\/wp-json\/wp\/v2\/pages\/3011"}],"wp:attachment":[{"href":"https:\/\/cocomm.es\/fr\/wp-json\/wp\/v2\/media?parent=7723"}],"curies":[{"name":"wp","href":"https:\/\/api.w.org\/{rel}","templated":true}]}}